{"id":6029,"date":"2025-02-10T12:02:09","date_gmt":"2025-02-10T12:02:09","guid":{"rendered":"https:\/\/handsacross.ro\/?page_id=6029"},"modified":"2025-08-27T16:32:42","modified_gmt":"2025-08-27T13:32:42","slug":"contact","status":"publish","type":"page","link":"https:\/\/handsacross.ro\/ro\/contact\/","title":{"rendered":"Contact"},"content":{"rendered":"<div id=\"fws_69e5a147778e9\"  data-column-margin=\"default\" data-midnight=\"light\" data-top-percent=\"15%\" data-bottom-percent=\"5%\"  class=\"wpb_row vc_row-fluid vc_row full-width-section has-row-bg-color  top_padding_phone_0px bottom_padding_phone_0px\"  style=\"padding-top: calc(100vw * 0.15); padding-bottom: calc(100vw * 0.05); --row-bg-color: #333333;\"><div class=\"row-bg-wrap\" data-bg-animation=\"none\" data-bg-animation-delay=\"\" data-bg-overlay=\"false\"><div class=\"inner-wrap row-bg-layer using-image\" ><div class=\"row-bg viewport-desktop using-image using-bg-color\"  style=\"background-image: url(https:\/\/handsacross.ro\/wp-content\/uploads\/2025\/02\/Contact-scaled.jpg); background-position: center center; background-repeat: no-repeat; background-color: #333333; \"><\/div><\/div><\/div><div class=\"row_col_wrap_12 col span_12 light left\">\n\t<div  class=\"vc_col-sm-12 vc_hidden-sm vc_hidden-xs wpb_column column_container vc_column_container col no-extra-padding inherit_tablet inherit_phone\"  data-padding-pos=\"all\" data-has-bg-color=\"false\" data-bg-color=\"\" data-bg-opacity=\"1\" data-animation=\"\" data-delay=\"0\" >\n\t\t<div class=\"vc_column-inner\" >\n\t\t\t<div class=\"wpb_wrapper\">\n\t\t\t\t<div class=\"divider-wrap height_phone_1px\" data-alignment=\"default\"><div style=\"height: 70px;\" class=\"divider\"><\/div><\/div>\n\t\t\t<\/div> \n\t\t<\/div>\n\t<\/div> \n<\/div><\/div>\n\t\t<div id=\"fws_69e5a14778142\"  data-column-margin=\"default\" data-midnight=\"dark\"  class=\"wpb_row vc_row-fluid vc_row has-row-bg-color  zindex-set\"  style=\"padding-top: 0px; padding-bottom: 0px;  z-index: 100;--row-bg-color: #ffffff;\"><div class=\"row-bg-wrap\" data-bg-animation=\"none\" data-bg-animation-delay=\"\" data-bg-overlay=\"true\"><div class=\"inner-wrap row-bg-layer\" ><div class=\"row-bg viewport-desktop using-bg-color\"  style=\"background-color: #ffffff; \"><\/div><\/div><div class=\"row-bg-overlay row-bg-layer\" style=\"background-color:#ffffff;  opacity: 0.8; \"><\/div><\/div><div class=\"row_col_wrap_12 col span_12 dark left\">\n\t<div style=\"margin-top: 70px; \" class=\"vc_col-sm-6 wpb_column column_container vc_column_container col no-extra-padding top_margin_phone_20px inherit_tablet inherit_phone\"  data-padding-pos=\"all\" data-has-bg-color=\"false\" data-bg-color=\"\" data-bg-opacity=\"1\" data-animation=\"\" data-delay=\"0\" >\n\t\t<div class=\"vc_column-inner\" >\n\t\t\t<div class=\"wpb_wrapper\">\n\t\t\t\t\n<div class=\"wpb_text_column wpb_content_element\" >\n\t<h1>Contacteaz\u0103-ne<\/h1>\n<\/div>\n\n\n\n\n<div class=\"wpb_text_column wpb_content_element\" >\n\t<p>Ai \u00eentreb\u0103ri, vrei s\u0103 colaborezi cu noi sau s\u0103 te implici \u00een proiectele noastre?<\/p>\n<p><strong>\u00cempreun\u0103, schimb\u0103m destine \u0219i construim un viitor mai bun!<\/strong><\/p>\n<\/div>\n\n\n\n<div class=\"divider-wrap\" data-alignment=\"default\"><div style=\"height: 20px;\" class=\"divider\"><\/div><\/div><div class=\"iwithtext\"><div class=\"iwt-icon\"> <i class=\"icon-default-style fa fa-envelope-o accent-color\"><\/i> <\/div><div class=\"iwt-text\"> \n<h5><strong><a href=\"mailto:office@handsacross.ro\">office@handsacross.ro<\/a><\/strong><\/h5>\n <\/div><div class=\"clear\"><\/div><\/div><div class=\"iwithtext\"><div class=\"iwt-icon\"> <i class=\"icon-default-style fa fa-phone accent-color\"><\/i> <\/div><div class=\"iwt-text\"> \n<h5><strong><a href=\"tel:+40723433816\">0723 433 816<\/a><\/strong><\/h5>\n <\/div><div class=\"clear\"><\/div><\/div><div class=\"iwithtext\"><div class=\"iwt-icon\"> <i class=\"icon-default-style fa fa-location-arrow accent-color\"><\/i> <\/div><div class=\"iwt-text\"> \n<h5><strong><a href=\"https:\/\/maps.app.goo.gl\/ChhPPrRNp3ZQKLVi9\" target=\"_blank\" rel=\"noopener noreferrer\">Bd. Carol 68, Bucharest, Romania<\/a><\/strong><\/h5>\n <\/div><div class=\"clear\"><\/div><\/div><div class=\"iwithtext\"><div class=\"iwt-icon\"> <i class=\"icon-default-style fa fa-wpforms accent-color\"><\/i> <\/div><div class=\"iwt-text\"> \n<h5><strong>Hands Across Romania<\/strong><\/h5>\n<p>CUI: 17862507<\/p>\n<p>IBAN: RO66CECEB20530RON3170788<\/p>\n<p>deschis la CEC BANK <\/div><div class=\"clear\"><\/div><\/div>\n\t\t\t<\/div> \n\t\t<\/div>\n\t<\/div> \n\n\t<div  class=\"vc_col-sm-6 wpb_column column_container vc_column_container col no-extra-padding inherit_tablet inherit_phone\"  data-padding-pos=\"all\" data-has-bg-color=\"false\" data-bg-color=\"\" data-bg-opacity=\"1\" data-animation=\"\" data-delay=\"0\" >\n\t\t<div class=\"vc_column-inner\" >\n\t\t\t<div class=\"wpb_wrapper\">\n\t\t\t\t<div id=\"fws_69e5a14778ba3\" data-midnight=\"\" data-column-margin=\"default\" class=\"wpb_row vc_row-fluid vc_row inner_row\"  style=\"\"><div class=\"row-bg-wrap\"> <div class=\"row-bg\" ><\/div> <\/div><div class=\"row_col_wrap_12_inner col span_12  left\">\n\t<div style=\"\" class=\"vc_col-sm-12 wpb_column column_container vc_column_container col child_column has-animation translate_y_phone_0px left_padding_desktop_6pct top_padding_desktop_6pct right_padding_desktop_6pct bottom_padding_desktop_6pct\"  data-using-bg=\"true\" data-shadow=\"custom\" data-border-radius=\"15px\" data-padding-pos=\"all\" data-has-bg-color=\"true\" data-bg-color=\"#ffffff\" data-bg-opacity=\"1\" data-animation=\"fade-in-from-bottom\" data-delay=\"0\" >\n\t\t<div class=\"vc_column-inner\" style=\"box-shadow: 0px 4px 5px 0px rgba(0,0,0,0.1);transform:  translateY(-90px);\"><div class=\"column-bg-overlay-wrap column-bg-layer\" data-bg-animation=\"none\"><div class=\"column-bg-overlay\" style=\"opacity: 1; background-color: #ffffff;\"><\/div><\/div>\n\t\t<div class=\"wpb_wrapper\">\n\t\t\t\n<div class=\"wpb_text_column wpb_content_element  wpb_animate_when_almost_visible wpb_fadeIn fadeIn\" >\n\t<h2 class=\"elementor-heading-title elementor-size-default\"><span style=\"color: #000000;\"><strong>Scrie-ne un mesaj!<\/strong><\/span><\/h2>\n<h5><span style=\"color: #f5f5f5;\">&#8212;&#8212;&#8212;&#8212;&#8212;&#8212;&#8212;&#8212;&#8212;&#8212;&#8212;&#8212;&#8212;&#8212;&#8212;&#8212;&#8212;&#8212;&#8212;&#8212;<\/span><\/h5>\n<h5 style=\"text-align: left;\"><strong>\n<div class=\"wpcf7 no-js\" id=\"wpcf7-f6016-o1\" lang=\"en-US\" dir=\"ltr\" data-wpcf7-id=\"6016\">\n<div class=\"screen-reader-response\"><p role=\"status\" aria-live=\"polite\" aria-atomic=\"true\"><\/p> <ul><\/ul><\/div>\n<form action=\"\/ro\/wp-json\/wp\/v2\/pages\/6029#wpcf7-f6016-o1\" method=\"post\" class=\"wpcf7-form init\" aria-label=\"Contact form\" novalidate=\"novalidate\" data-status=\"init\" data-trp-original-action=\"\/ro\/wp-json\/wp\/v2\/pages\/6029#wpcf7-f6016-o1\">\n<fieldset class=\"hidden-fields-container\"><input type=\"hidden\" name=\"_wpcf7\" value=\"6016\" \/><input type=\"hidden\" name=\"_wpcf7_version\" value=\"6.1.5\" \/><input type=\"hidden\" name=\"_wpcf7_locale\" value=\"en_US\" \/><input type=\"hidden\" name=\"_wpcf7_unit_tag\" value=\"wpcf7-f6016-o1\" \/><input type=\"hidden\" name=\"_wpcf7_container_post\" value=\"0\" \/><input type=\"hidden\" name=\"_wpcf7_posted_data_hash\" value=\"\" \/><input type=\"hidden\" name=\"_wpcf7cf_hidden_group_fields\" value=\"[]\" \/><input type=\"hidden\" name=\"_wpcf7cf_hidden_groups\" value=\"[]\" \/><input type=\"hidden\" name=\"_wpcf7cf_visible_groups\" value=\"[]\" \/><input type=\"hidden\" name=\"_wpcf7cf_repeaters\" value=\"[]\" \/><input type=\"hidden\" name=\"_wpcf7cf_steps\" value=\"{}\" \/><input type=\"hidden\" name=\"_wpcf7cf_options\" value=\"{&quot;form_id&quot;:6016,&quot;conditions&quot;:[],&quot;settings&quot;:{&quot;animation&quot;:&quot;yes&quot;,&quot;animation_intime&quot;:200,&quot;animation_outtime&quot;:200,&quot;conditions_ui&quot;:&quot;normal&quot;,&quot;notice_dismissed&quot;:false}}\" \/><input type=\"hidden\" name=\"_wpcf7_recaptcha_response\" value=\"\" \/>\n<\/fieldset>\n<p aria-live=\"polite\"><strong>C\u00e2mpurile marcate cu * sunt obligatorii.<\/strong>\n<\/p>\n<div class=\"nectar-wpcf7-inline-form\">\n\t<div class=\"nectar-wpcf7-inline-field\">\n\t\t<p><label for=\"nume\">Nume *<\/label><br \/>\n<span class=\"wpcf7-form-control-wrap\" data-name=\"nume\"><input size=\"40\" maxlength=\"400\" class=\"wpcf7-form-control wpcf7-text wpcf7-validates-as-required\" id=\"nume\" aria-required=\"true\" aria-invalid=\"false\" value=\"\" type=\"text\" name=\"nume\" \/><\/span>\n\t\t<\/p>\n\t<\/div>\n\t<div class=\"nectar-wpcf7-inline-field\">\n\t\t<p><label for=\"telefon\">Num\u0103r de telefon<\/label><br \/>\n<span class=\"wpcf7-form-control-wrap\" data-name=\"telefon\"><input size=\"40\" maxlength=\"400\" class=\"wpcf7-form-control wpcf7-tel wpcf7-text wpcf7-validates-as-tel\" id=\"telefon\" aria-invalid=\"false\" value=\"\" type=\"tel\" name=\"telefon\" \/><\/span>\n\t\t<\/p>\n\t<\/div>\n<\/div>\n<p><label for=\"email\">Adres\u0103 de email *<\/label><br \/>\n<span class=\"wpcf7-form-control-wrap\" data-name=\"email\"><input size=\"40\" maxlength=\"400\" class=\"wpcf7-form-control wpcf7-email wpcf7-validates-as-required wpcf7-text wpcf7-validates-as-email\" id=\"email\" aria-required=\"true\" aria-invalid=\"false\" value=\"\" type=\"email\" name=\"email\" \/><\/span>\n<\/p>\n<p><label for=\"mesaj\">Mesajul t\u0103u *<\/label><br \/>\n<span class=\"wpcf7-form-control-wrap\" data-name=\"mesaj\"><textarea cols=\"40\" rows=\"2\" maxlength=\"2000\" class=\"wpcf7-form-control wpcf7-textarea wpcf7-validates-as-required\" id=\"mesaj\" aria-required=\"true\" aria-invalid=\"false\" name=\"mesaj\"><\/textarea><\/span>\n<\/p>\n<p>Prin utilizarea acestui formular, sunte\u021bi de acord cu <a href=\"https:\/\/handsacross.ro\/ro\/termeni-si-conditii\/\" target=\"_blank\">Termenii \u0219i Condi\u021biile<\/a> \u0219i confirma\u021bi c\u0103 a\u021bi citit \u0219i \u00een\u021beles <a href=\"https:\/\/handsacross.ro\/ro\/politica-de-confidentialitate\/\" target=\"_blank\">Politica de Confiden\u021bialitate<\/a>.\n<\/p>\n<span class=\"wpcf7-form-control-wrap recaptcha\" data-name=\"recaptcha\"><span data-sitekey=\"6LccUdcqAAAAAFSpQbt89xVnczdzYdhe51q-BpkO\" class=\"wpcf7-form-control wpcf7-recaptcha g-recaptcha\"><\/span>\r\n<noscript>\r\n\t<div class=\"grecaptcha-noscript\">\r\n\t\t<iframe loading=\"lazy\" src=\"https:\/\/www.google.com\/recaptcha\/api\/fallback?k=6LccUdcqAAAAAFSpQbt89xVnczdzYdhe51q-BpkO\" frameborder=\"0\" scrolling=\"no\" width=\"310\" height=\"430\">\r\n\t\t<\/iframe>\r\n\t\t<textarea name=\"g-recaptcha-response\" rows=\"3\" cols=\"40\" placeholder=\"reCaptcha Response Here\">\r\n\t\t<\/textarea>\r\n\t<\/div>\r\n<\/noscript>\r\n<\/span>\n<p><input class=\"wpcf7-form-control wpcf7-submit has-spinner\" type=\"submit\" value=\"Trimite\" \/>\n<\/p><div class=\"wpcf7-response-output\" aria-hidden=\"true\"><\/div>\n<input type=\"hidden\" name=\"trp-form-language\" value=\"ro\"\/><\/form>\n<\/div>\n<\/strong><\/h5>\n<\/div>\n\n\n\n\n\t\t<\/div> \n\t<\/div>\n\t<\/div> \n<\/div><\/div>\n\t\t\t<\/div> \n\t\t<\/div>\n\t<\/div> \n<\/div><\/div>","protected":false},"excerpt":{"rendered":"Contacteaz\u0103-ne Ai \u00eentreb\u0103ri, vrei s\u0103 colaborezi cu noi sau s\u0103 te implici \u00een proiectele noastre? \u00cempreun\u0103, schimb\u0103m destine \u0219i construim un viitor mai bun! office@handsacross.ro 0723 433 816 Bd. Carol...","protected":false},"author":1,"featured_media":0,"parent":0,"menu_order":0,"comment_status":"closed","ping_status":"closed","template":"","meta":{"footnotes":""},"class_list":["post-6029","page","type-page","status-publish"],"yoast_head":"<!-- This site is optimized with the Yoast SEO plugin v27.4 - https:\/\/yoast.com\/product\/yoast-seo-wordpress\/ -->\n<title>Contact - Hands Across Romania<\/title>\n<meta name=\"robots\" content=\"index, follow, max-snippet:-1, max-image-preview:large, max-video-preview:-1\" \/>\n<link rel=\"canonical\" href=\"https:\/\/handsacross.ro\/ro\/contact\/\" \/>\n<meta property=\"og:locale\" content=\"ro_RO\" \/>\n<meta property=\"og:type\" content=\"article\" \/>\n<meta property=\"og:title\" content=\"Contact - Hands Across Romania\" \/>\n<meta property=\"og:url\" content=\"https:\/\/handsacross.ro\/ro\/contact\/\" \/>\n<meta property=\"og:site_name\" content=\"Hands Across Romania\" \/>\n<meta property=\"article:publisher\" content=\"https:\/\/www.facebook.com\/handsacrossromania\" \/>\n<meta property=\"article:modified_time\" content=\"2025-08-27T13:32:42+00:00\" \/>\n<meta name=\"twitter:card\" content=\"summary_large_image\" \/>\n<meta name=\"twitter:label1\" content=\"Timp estimat pentru citire\" \/>\n\t<meta name=\"twitter:data1\" content=\"1 minut\" \/>\n<script type=\"application\/ld+json\" class=\"yoast-schema-graph\">{\"@context\":\"https:\\\/\\\/schema.org\",\"@graph\":[{\"@type\":\"WebPage\",\"@id\":\"https:\\\/\\\/handsacross.ro\\\/contact\\\/\",\"url\":\"https:\\\/\\\/handsacross.ro\\\/contact\\\/\",\"name\":\"Contact - Hands Across Romania\",\"isPartOf\":{\"@id\":\"https:\\\/\\\/handsacross.ro\\\/#website\"},\"datePublished\":\"2025-02-10T12:02:09+00:00\",\"dateModified\":\"2025-08-27T13:32:42+00:00\",\"breadcrumb\":{\"@id\":\"https:\\\/\\\/handsacross.ro\\\/contact\\\/#breadcrumb\"},\"inLanguage\":\"ro-RO\",\"potentialAction\":[{\"@type\":\"ReadAction\",\"target\":[\"https:\\\/\\\/handsacross.ro\\\/contact\\\/\"]}]},{\"@type\":\"BreadcrumbList\",\"@id\":\"https:\\\/\\\/handsacross.ro\\\/contact\\\/#breadcrumb\",\"itemListElement\":[{\"@type\":\"ListItem\",\"position\":1,\"name\":\"Home\",\"item\":\"https:\\\/\\\/handsacross.ro\\\/\"},{\"@type\":\"ListItem\",\"position\":2,\"name\":\"Contact\"}]},{\"@type\":\"WebSite\",\"@id\":\"https:\\\/\\\/handsacross.ro\\\/#website\",\"url\":\"https:\\\/\\\/handsacross.ro\\\/\",\"name\":\"Hands Across Romania\",\"description\":\"\",\"publisher\":{\"@id\":\"https:\\\/\\\/handsacross.ro\\\/#organization\"},\"potentialAction\":[{\"@type\":\"SearchAction\",\"target\":{\"@type\":\"EntryPoint\",\"urlTemplate\":\"https:\\\/\\\/handsacross.ro\\\/?s={search_term_string}\"},\"query-input\":{\"@type\":\"PropertyValueSpecification\",\"valueRequired\":true,\"valueName\":\"search_term_string\"}}],\"inLanguage\":\"ro-RO\"},{\"@type\":\"Organization\",\"@id\":\"https:\\\/\\\/handsacross.ro\\\/#organization\",\"name\":\"Hands Across Romania\",\"url\":\"https:\\\/\\\/handsacross.ro\\\/\",\"logo\":{\"@type\":\"ImageObject\",\"inLanguage\":\"ro-RO\",\"@id\":\"https:\\\/\\\/handsacross.ro\\\/#\\\/schema\\\/logo\\\/image\\\/\",\"url\":\"\",\"contentUrl\":\"\",\"caption\":\"Hands Across Romania\"},\"image\":{\"@id\":\"https:\\\/\\\/handsacross.ro\\\/#\\\/schema\\\/logo\\\/image\\\/\"},\"sameAs\":[\"https:\\\/\\\/www.facebook.com\\\/handsacrossromania\"]}]}<\/script>\n<!-- \/ Yoast SEO plugin. -->","yoast_head_json":{"title":"Contact - Hands Across Romania","robots":{"index":"index","follow":"follow","max-snippet":"max-snippet:-1","max-image-preview":"max-image-preview:large","max-video-preview":"max-video-preview:-1"},"canonical":"https:\/\/handsacross.ro\/ro\/contact\/","og_locale":"ro_RO","og_type":"article","og_title":"Contact - Hands Across Romania","og_url":"https:\/\/handsacross.ro\/ro\/contact\/","og_site_name":"Hands Across Romania","article_publisher":"https:\/\/www.facebook.com\/handsacrossromania","article_modified_time":"2025-08-27T13:32:42+00:00","twitter_card":"summary_large_image","twitter_misc":{"Timp estimat pentru citire":"1 minut"},"schema":{"@context":"https:\/\/schema.org","@graph":[{"@type":"WebPage","@id":"https:\/\/handsacross.ro\/contact\/","url":"https:\/\/handsacross.ro\/contact\/","name":"Contact - Hands Across Romania","isPartOf":{"@id":"https:\/\/handsacross.ro\/#website"},"datePublished":"2025-02-10T12:02:09+00:00","dateModified":"2025-08-27T13:32:42+00:00","breadcrumb":{"@id":"https:\/\/handsacross.ro\/contact\/#breadcrumb"},"inLanguage":"ro-RO","potentialAction":[{"@type":"ReadAction","target":["https:\/\/handsacross.ro\/contact\/"]}]},{"@type":"BreadcrumbList","@id":"https:\/\/handsacross.ro\/contact\/#breadcrumb","itemListElement":[{"@type":"ListItem","position":1,"name":"Home","item":"https:\/\/handsacross.ro\/"},{"@type":"ListItem","position":2,"name":"Contact"}]},{"@type":"WebSite","@id":"https:\/\/handsacross.ro\/#website","url":"https:\/\/handsacross.ro\/","name":"Hands Across Romania","description":"","publisher":{"@id":"https:\/\/handsacross.ro\/#organization"},"potentialAction":[{"@type":"SearchAction","target":{"@type":"EntryPoint","urlTemplate":"https:\/\/handsacross.ro\/?s={search_term_string}"},"query-input":{"@type":"PropertyValueSpecification","valueRequired":true,"valueName":"search_term_string"}}],"inLanguage":"ro-RO"},{"@type":"Organization","@id":"https:\/\/handsacross.ro\/#organization","name":"Hands Across Romania","url":"https:\/\/handsacross.ro\/","logo":{"@type":"ImageObject","inLanguage":"ro-RO","@id":"https:\/\/handsacross.ro\/#\/schema\/logo\/image\/","url":"","contentUrl":"","caption":"Hands Across Romania"},"image":{"@id":"https:\/\/handsacross.ro\/#\/schema\/logo\/image\/"},"sameAs":["https:\/\/www.facebook.com\/handsacrossromania"]}]}},"_links":{"self":[{"href":"https:\/\/handsacross.ro\/ro\/wp-json\/wp\/v2\/pages\/6029","targetHints":{"allow":["GET"]}}],"collection":[{"href":"https:\/\/handsacross.ro\/ro\/wp-json\/wp\/v2\/pages"}],"about":[{"href":"https:\/\/handsacross.ro\/ro\/wp-json\/wp\/v2\/types\/page"}],"author":[{"embeddable":true,"href":"https:\/\/handsacross.ro\/ro\/wp-json\/wp\/v2\/users\/1"}],"replies":[{"embeddable":true,"href":"https:\/\/handsacross.ro\/ro\/wp-json\/wp\/v2\/comments?post=6029"}],"version-history":[{"count":104,"href":"https:\/\/handsacross.ro\/ro\/wp-json\/wp\/v2\/pages\/6029\/revisions"}],"predecessor-version":[{"id":8698,"href":"https:\/\/handsacross.ro\/ro\/wp-json\/wp\/v2\/pages\/6029\/revisions\/8698"}],"wp:attachment":[{"href":"https:\/\/handsacross.ro\/ro\/wp-json\/wp\/v2\/media?parent=6029"}],"curies":[{"name":"wp","href":"https:\/\/api.w.org\/{rel}","templated":true}]}}